{"id":27,"date":"2025-03-13T15:05:41","date_gmt":"2025-03-13T15:05:41","guid":{"rendered":"https:\/\/jeese.fr\/?page_id=27"},"modified":"2025-03-13T15:26:06","modified_gmt":"2025-03-13T15:26:06","slug":"home","status":"publish","type":"page","link":"https:\/\/jeese.fr\/index.php\/home\/","title":{"rendered":"De la conception \u00e0 la production"},"content":{"rendered":"\n<p>Ing\u00e9nieur freelance en \u00e9lectronique, j&rsquo;accompagne les entreprises dans la conception, le d\u00e9veloppement et l&rsquo;industrialisation de leurs produits \u00e9lectroniques. Fort d&rsquo;une expertise en R&amp;D, IoT et syst\u00e8mes embarqu\u00e9s, je propose des solutions sur mesure, de l&rsquo;id\u00e9e \u00e0 la production.<\/p>\n\n\n\n<p><strong>Mes services incluent :<\/strong><\/p>\n\n\n\n<ul class=\"wp-block-list\">\n<li>Ing\u00e9nierie et R&amp;D \u00e9lectronique<\/li>\n\n\n\n<li>Prototypage rapide<\/li>\n\n\n\n<li>Conception de PCB<\/li>\n\n\n\n<li>Int\u00e9gration et fabrication<\/li>\n\n\n\n<li>D\u00e9veloppement de logiciels embarqu\u00e9s<\/li>\n\n\n\n<li>Solutions IoT et connectivit\u00e9<\/li>\n\n\n\n<li>Assistance \u00e0 la production<\/li>\n\n\n\n<li>Formations professionnelles<\/li>\n\n\n\n<li>Restauration de mat\u00e9riel \u00e9lectronique ancien<\/li>\n<\/ul>\n\n\n\n<h3 class=\"wp-block-heading\">Appel \u00e0 l&rsquo;action :<\/h3>\n\n\n\n<p>\ud83d\udce9&nbsp;<strong>Besoin d&rsquo;un expert ?<\/strong>&nbsp;Contactez-moi pour discuter de votre projet.<\/p>\n\n\n\n<p><\/p>\n","protected":false},"excerpt":{"rendered":"<p>Ing\u00e9nieur freelance en \u00e9lectronique, j&rsquo;accompagne les entreprises dans la conception, le d\u00e9veloppement et l&rsquo;industrialisation de leurs produits \u00e9lectroniques. Fort d&rsquo;une expertise en R&amp;D, IoT et syst\u00e8mes embarqu\u00e9s, je propose des solutions sur mesure, de l&rsquo;id\u00e9e \u00e0 la production. Mes services incluent : Appel \u00e0 l&rsquo;action : \ud83d\udce9&nbsp;Besoin d&rsquo;un expert ?&nbsp;Contactez-moi pour discuter de votre projet.<\/p>\n","protected":false},"author":1,"featured_media":0,"parent":0,"menu_order":0,"comment_status":"closed","ping_status":"closed","template":"","meta":{"footnotes":""},"class_list":["post-27","page","type-page","status-publish"],"_links":{"self":[{"href":"https:\/\/jeese.fr\/index.php\/wp-json\/wp\/v2\/pages\/27","targetHints":{"allow":["GET"]}}],"collection":[{"href":"https:\/\/jeese.fr\/index.php\/wp-json\/wp\/v2\/pages"}],"about":[{"href":"https:\/\/jeese.fr\/index.php\/wp-json\/wp\/v2\/types\/page"}],"author":[{"embeddable":true,"href":"https:\/\/jeese.fr\/index.php\/wp-json\/wp\/v2\/users\/1"}],"replies":[{"embeddable":true,"href":"https:\/\/jeese.fr\/index.php\/wp-json\/wp\/v2\/comments?post=27"}],"version-history":[{"count":2,"href":"https:\/\/jeese.fr\/index.php\/wp-json\/wp\/v2\/pages\/27\/revisions"}],"predecessor-version":[{"id":36,"href":"https:\/\/jeese.fr\/index.php\/wp-json\/wp\/v2\/pages\/27\/revisions\/36"}],"wp:attachment":[{"href":"https:\/\/jeese.fr\/index.php\/wp-json\/wp\/v2\/media?parent=27"}],"curies":[{"name":"wp","href":"https:\/\/api.w.org\/{rel}","templated":true}]}}