{"id":13,"date":"2025-03-13T14:57:59","date_gmt":"2025-03-13T14:57:59","guid":{"rendered":"https:\/\/jeese.fr\/?page_id=13"},"modified":"2025-03-13T19:09:55","modified_gmt":"2025-03-13T19:09:55","slug":"services","status":"publish","type":"page","link":"https:\/\/jeese.fr\/index.php\/services\/","title":{"rendered":"Services"},"content":{"rendered":"\n<h3 class=\"wp-block-heading\">Ing\u00e9nierie &amp; R&amp;D \u00e9lectronique<\/h3>\n\n\n\n<ul class=\"wp-block-list\">\n<li>Analyse des besoins et \u00e9tudes de faisabilit\u00e9<\/li>\n\n\n\n<li>R\u00e9alisation de sch\u00e9mas \u00e9lectroniques<\/li>\n\n\n\n<li>Choix des composants et respect des normes<\/li>\n<\/ul>\n\n\n\n<h3 class=\"wp-block-heading\">Prototypage rapide<\/h3>\n\n\n\n<ul class=\"wp-block-list\">\n<li>Fabrication et assemblage de prototypes<\/li>\n\n\n\n<li>Tests et validation avant industrialisation<\/li>\n<\/ul>\n\n\n\n<h3 class=\"wp-block-heading\">Conception de PCB<\/h3>\n\n\n\n<ul class=\"wp-block-list\">\n<li>Routage haute vitesse, RF, multi-couches<\/li>\n\n\n\n<li>Optimisation pour la production<\/li>\n<\/ul>\n\n\n\n<h3 class=\"wp-block-heading\">Int\u00e9gration &amp; Fabrication<\/h3>\n\n\n\n<ul class=\"wp-block-list\">\n<li>C\u00e2blage et assemblage<\/li>\n\n\n\n<li>Bo\u00eetiers sur mesure et impression 3D<\/li>\n<\/ul>\n\n\n\n<h3 class=\"wp-block-heading\">D\u00e9veloppement logiciels embarqu\u00e9s<\/h3>\n\n\n\n<ul class=\"wp-block-list\">\n<li>Programmation en C\/C++ sur STM32, ESP32, AVR<\/li>\n\n\n\n<li>Communication avec capteurs et interfaces<\/li>\n<\/ul>\n\n\n\n<h3 class=\"wp-block-heading\">IoT &amp; Connectivit\u00e9<\/h3>\n\n\n\n<ul class=\"wp-block-list\">\n<li>Mise en place de solutions Bluetooth, WiFi, LoRa<\/li>\n\n\n\n<li>S\u00e9curisation des communications<\/li>\n<\/ul>\n\n\n\n<h3 class=\"wp-block-heading\">Assistance \u00e0 la production<\/h3>\n\n\n\n<ul class=\"wp-block-list\">\n<li>D\u00e9finition des proc\u00e9dures de fabrication<\/li>\n\n\n\n<li>Validation et tests de production<\/li>\n<\/ul>\n\n\n\n<h3 class=\"wp-block-heading\">Formation professionnelle<\/h3>\n\n\n\n<ul class=\"wp-block-list\">\n<li>Programmation embarqu\u00e9e en C\/C++<\/li>\n\n\n\n<li>Conception \u00e9lectronique avec Altium, Eagle, KiCad<\/li>\n\n\n\n<li>Formations personnalis\u00e9es en entreprise<\/li>\n<\/ul>\n\n\n\n<h3 class=\"wp-block-heading\">Restauration de mat\u00e9riel \u00e9lectronique ancien<\/h3>\n\n\n\n<ul class=\"wp-block-list\">\n<li>R\u00e9paration et remise en \u00e9tat d&rsquo;ordinateurs vintage<\/li>\n\n\n\n<li>Restauration de consoles de jeux r\u00e9tro<\/li>\n\n\n\n<li>Maintenance et r\u00e9paration de contr\u00f4leurs industriels anciens<\/li>\n\n\n\n<li>Conservation du patrimoine \u00e9lectronique<\/li>\n<\/ul>\n","protected":false},"excerpt":{"rendered":"<p>Ing\u00e9nierie &amp; R&amp;D \u00e9lectronique Prototypage rapide Conception de PCB Int\u00e9gration &amp; Fabrication D\u00e9veloppement logiciels embarqu\u00e9s IoT &amp; Connectivit\u00e9 Assistance \u00e0 la production Formation professionnelle Restauration de mat\u00e9riel \u00e9lectronique ancien<\/p>\n","protected":false},"author":1,"featured_media":0,"parent":0,"menu_order":0,"comment_status":"closed","ping_status":"closed","template":"","meta":{"footnotes":""},"class_list":["post-13","page","type-page","status-publish"],"_links":{"self":[{"href":"https:\/\/jeese.fr\/index.php\/wp-json\/wp\/v2\/pages\/13","targetHints":{"allow":["GET"]}}],"collection":[{"href":"https:\/\/jeese.fr\/index.php\/wp-json\/wp\/v2\/pages"}],"about":[{"href":"https:\/\/jeese.fr\/index.php\/wp-json\/wp\/v2\/types\/page"}],"author":[{"embeddable":true,"href":"https:\/\/jeese.fr\/index.php\/wp-json\/wp\/v2\/users\/1"}],"replies":[{"embeddable":true,"href":"https:\/\/jeese.fr\/index.php\/wp-json\/wp\/v2\/comments?post=13"}],"version-history":[{"count":5,"href":"https:\/\/jeese.fr\/index.php\/wp-json\/wp\/v2\/pages\/13\/revisions"}],"predecessor-version":[{"id":84,"href":"https:\/\/jeese.fr\/index.php\/wp-json\/wp\/v2\/pages\/13\/revisions\/84"}],"wp:attachment":[{"href":"https:\/\/jeese.fr\/index.php\/wp-json\/wp\/v2\/media?parent=13"}],"curies":[{"name":"wp","href":"https:\/\/api.w.org\/{rel}","templated":true}]}}